{"id":1227,"date":"2025-08-17T20:56:38","date_gmt":"2025-08-18T01:56:38","guid":{"rendered":"https:\/\/trailrunningquebec.com\/awards\/"},"modified":"2025-08-22T13:44:34","modified_gmt":"2025-08-22T18:44:34","slug":"awards","status":"publish","type":"page","link":"https:\/\/trailrunningquebec.com\/en\/awards\/","title":{"rendered":"Awards"},"content":{"rendered":"\n<style type=\"text\/css\" data-created_by=\"avia_inline_auto\" id=\"style-css-av-a6y5ge-f29edbfba989763d7b0e935db687e1f3\">\n.avia-section.av-a6y5ge-f29edbfba989763d7b0e935db687e1f3{\nbackground-repeat:no-repeat;\nbackground-image:url(https:\/\/trailrunningquebec.com\/wp-content\/uploads\/2023\/10\/Header-distinctions.jpg);\nbackground-position:50% 50%;\nbackground-attachment:scroll;\n}\n<\/style>\n<div id='av_section_1'  class='avia-section av-a6y5ge-f29edbfba989763d7b0e935db687e1f3 main_color avia-section-default avia-no-border-styling  avia-builder-el-0  el_before_av_layout_row  avia-builder-el-first  av-mini-hide avia-full-stretch avia-bg-style-scroll av-minimum-height av-minimum-height-75 av-height-75  container_wrap sidebar_right'  data-section-bg-repeat='stretch' data-av_minimum_height_pc='75' data-av_min_height_opt='75'><div class='container av-section-cont-open' ><main  role=\"main\" itemprop=\"mainContentOfPage\"  class='template-page content  av-content-small alpha units'><div class='post-entry post-entry-type-page post-entry-1227'><div class='entry-content-wrapper clearfix'>\n<\/div><\/div><\/main><!-- close content main element --><\/div><\/div><div id='av-layout-grid-1'  class='av-layout-grid-container av-e5kry-6f41dd1bc6e6b08f7895b3962b0093a1 entry-content-wrapper main_color av-flex-cells  avia-builder-el-1  el_after_av_section  el_before_av_section  grid-row-not-first av-desktop-hide av-medium-hide av-small-hide container_wrap sidebar_right'  >\n\n<style type=\"text\/css\" data-created_by=\"avia_inline_auto\" id=\"style-css-av-98n6e-d5e3641f7c1700e48352a97d74423839\">\n.flex_cell.av-98n6e-d5e3641f7c1700e48352a97d74423839{\nvertical-align:top;\n}\n.responsive #top #wrap_all .flex_cell.av-98n6e-d5e3641f7c1700e48352a97d74423839{\npadding:0px 0px 0px 0px !important;\n}\n<\/style>\n<div class='flex_cell av-98n6e-d5e3641f7c1700e48352a97d74423839 av-gridrow-cell av_one_full no_margin  avia-builder-el-2  avia-builder-el-no-sibling  av-zero-padding'  ><div class='flex_cell_inner'>\n<style type=\"text\/css\" data-created_by=\"avia_inline_auto\" id=\"style-css-av-lph70vxl-8309da72d950f44a543e5c327aeee4d5\">\n.avia-image-container.av-lph70vxl-8309da72d950f44a543e5c327aeee4d5 img.avia_image{\nbox-shadow:none;\n}\n.avia-image-container.av-lph70vxl-8309da72d950f44a543e5c327aeee4d5 .av-image-caption-overlay-center{\ncolor:#ffffff;\n}\n<\/style>\n<div  class='avia-image-container av-lph70vxl-8309da72d950f44a543e5c327aeee4d5 av-styling- avia-align-center  avia-builder-el-3  avia-builder-el-no-sibling '   itemprop=\"image\" itemscope=\"itemscope\" itemtype=\"https:\/\/schema.org\/ImageObject\" ><div class=\"avia-image-container-inner\"><div class=\"avia-image-overlay-wrap\"><img decoding=\"async\" fetchpriority=\"high\" class='wp-image-1199 avia-img-lazy-loading-not-1199 avia_image ' src=\"https:\/\/trailrunningquebec.com\/wp-content\/uploads\/2023\/10\/Header-distinctions.jpg\" alt='' title=''  height=\"1000\" width=\"1800\"  itemprop=\"thumbnailUrl\" srcset=\"https:\/\/trailrunningquebec.com\/wp-content\/uploads\/2023\/10\/Header-distinctions.jpg 1800w, https:\/\/trailrunningquebec.com\/wp-content\/uploads\/2023\/10\/Header-distinctions-300x167.jpg 300w, https:\/\/trailrunningquebec.com\/wp-content\/uploads\/2023\/10\/Header-distinctions-1030x572.jpg 1030w, https:\/\/trailrunningquebec.com\/wp-content\/uploads\/2023\/10\/Header-distinctions-768x427.jpg 768w, https:\/\/trailrunningquebec.com\/wp-content\/uploads\/2023\/10\/Header-distinctions-1536x853.jpg 1536w, https:\/\/trailrunningquebec.com\/wp-content\/uploads\/2023\/10\/Header-distinctions-1500x833.jpg 1500w, https:\/\/trailrunningquebec.com\/wp-content\/uploads\/2023\/10\/Header-distinctions-705x392.jpg 705w\" sizes=\"(max-width: 1800px) 100vw, 1800px\" \/><\/div><\/div><\/div>\n<\/div><\/div>\n<\/div>\n\n<style type=\"text\/css\" data-created_by=\"avia_inline_auto\" id=\"style-css-av-a07f12-55c2404295e4992dbbacda3b9270c40f\">\n.avia-section.av-a07f12-55c2404295e4992dbbacda3b9270c40f .av-extra-border-element .av-extra-border-inner{\nbackground-color:#dadbd7;\n}\n<\/style>\n<div id='av_section_2'  class='avia-section av-a07f12-55c2404295e4992dbbacda3b9270c40f main_color avia-section-default avia-no-border-styling  avia-builder-el-4  el_after_av_layout_row  el_before_av_section  avia-bg-style-scroll av-minimum-height av-minimum-height-25 av-height-25  container_wrap sidebar_right'   data-av_minimum_height_pc='25' data-av_min_height_opt='25'><div class='container av-section-cont-open' ><div class='template-page content  av-content-small alpha units'><div class='post-entry post-entry-type-page post-entry-1227'><div class='entry-content-wrapper clearfix'>\n\n<style type=\"text\/css\" data-created_by=\"avia_inline_auto\" id=\"style-css-av-9t424m-fc2437eeef1c138672f5724e5e5f44f2\">\n.flex_column.av-9t424m-fc2437eeef1c138672f5724e5e5f44f2{\npadding:0 0 0 15px;\n}\n.flex_column.av-9t424m-fc2437eeef1c138672f5724e5e5f44f2 .avia-curtain-reveal-overlay{\nz-index:100;\n}\n<\/style>\n<div  class='flex_column av-9t424m-fc2437eeef1c138672f5724e5e5f44f2 av_four_fifth  avia-builder-el-5  el_before_av_one_fifth  avia-builder-el-first  bordrose first flex_column_div  '     ><div class='avia-curtain-reveal-overlay av-animated-when-visible-95 animate-all-devices curtain-reveal-ltr'><\/div><p><section  id=\"grandtitre\"  class='av_textblock_section av-lnuscn33-2bb92c3c76a68c081d7071ade330a54e '   itemscope=\"itemscope\" itemtype=\"https:\/\/schema.org\/CreativeWork\" ><div class='avia_textblock'  itemprop=\"text\" ><p><span style=\"font-size: 40px; font-weight: lighter; text-transform: uppercase; line-height: 50px;\">Awards<\/span><\/p>\n<\/div><\/section><br \/>\n<section  class='av_textblock_section av-8jlk0m-4152d7f1271711669aed023b61b59bef '   itemscope=\"itemscope\" itemtype=\"https:\/\/schema.org\/CreativeWork\" ><div class='avia_textblock'  itemprop=\"text\" ><p>As a passionate organization dedicated to promoting trail running events, we&#8217;re proud to share with you the recognition and honours we&#8217;ve received over the years. Discover how our commitment to excellence has set us apart in the world of trail running.<\/p>\n<\/div><\/section><\/p><\/div><div  class='flex_column av-81jha-25a466e8228d464e33c6c2ffd7243391 av_one_fifth  avia-builder-el-8  el_after_av_four_fifth  el_before_av_hr  flex_column_div  '     ><\/div>\n<style type=\"text\/css\" data-created_by=\"avia_inline_auto\" id=\"style-css-av-lnvx2gp4-84764b8e1c447bf46ad9e266c3002161\">\n#top .hr.hr-invisible.av-lnvx2gp4-84764b8e1c447bf46ad9e266c3002161{\nheight:40px;\n}\n<\/style>\n<div  class='hr av-lnvx2gp4-84764b8e1c447bf46ad9e266c3002161 hr-invisible  avia-builder-el-9  el_after_av_one_fifth  avia-builder-el-last  av-mini-hide'><span class='hr-inner '><span class=\"hr-inner-style\"><\/span><\/span><\/div>\n<\/div><\/div><\/div><!-- close content main div --><\/div><div class='av-extra-border-element border-extra-diagonal  '><div class='av-extra-border-outer'><div class='av-extra-border-inner'><\/div><\/div><\/div><\/div>\n<style type=\"text\/css\" data-created_by=\"avia_inline_auto\" id=\"style-css-av-8wig4m-41b82e2efd5190ac94edbc5fb2decff1\">\n.avia-section.av-8wig4m-41b82e2efd5190ac94edbc5fb2decff1{\nbackground-color:#dadbd7;\nbackground-image:unset;\n}\n.avia-section.av-8wig4m-41b82e2efd5190ac94edbc5fb2decff1 .av-extra-border-element .av-extra-border-inner{\nbackground-color:#eb5b56;\n}\n<\/style>\n<div id='av_section_3'  class='avia-section av-8wig4m-41b82e2efd5190ac94edbc5fb2decff1 main_color avia-section-default avia-no-border-styling  avia-builder-el-10  el_after_av_section  avia-builder-el-last  avia-bg-style-scroll container_wrap sidebar_right'  ><div class='container av-section-cont-open' ><div class='template-page content  av-content-small alpha units'><div class='post-entry post-entry-type-page post-entry-1227'><div class='entry-content-wrapper clearfix'>\n<div class='flex_column_table av-8mtsfi-778f867494b0c3dbec1c3d3f423ec28a sc-av_one_full av-equal-height-column-flextable'>\n<style type=\"text\/css\" data-created_by=\"avia_inline_auto\" id=\"style-css-av-8mtsfi-778f867494b0c3dbec1c3d3f423ec28a\">\n.flex_column.av-8mtsfi-778f867494b0c3dbec1c3d3f423ec28a{\nwidth:100%;\nmargin-left:0;\n}\n#top .flex_column_table.av-equal-height-column-flextable.av-8mtsfi-778f867494b0c3dbec1c3d3f423ec28a .av-flex-placeholder{\nwidth:0%;\n}\n<\/style>\n<div  class='flex_column av-8mtsfi-778f867494b0c3dbec1c3d3f423ec28a av_one_full  avia-builder-el-11  avia-builder-el-no-sibling  first flex_column_table_cell av-equal-height-column av-align-middle  '     ><style type=\"text\/css\" data-created_by=\"avia_inline_auto\" id=\"style-css-av-2g2vvi-0f561a7f268f3512cc73da80fe010c0d\">\n.avia-timeline-container.av-2g2vvi-0f561a7f268f3512cc73da80fe010c0d .av-milestone-date{\nfont-size:20px;\ncolor:#eb5b56;\n}\n.avia-timeline-container.av-2g2vvi-0f561a7f268f3512cc73da80fe010c0d .av-milestone-icon-inner{\nbackground-color:#eb5b56;\n}\n.avia-timeline-container.av-2g2vvi-0f561a7f268f3512cc73da80fe010c0d .av-milestone-indicator{\nbackground-color:#eb5b56;\n}\n.avia-timeline-container.av-2g2vvi-0f561a7f268f3512cc73da80fe010c0d .av-milestone-article-footer{\nbackground-color:#eb5b56;\n}\n<\/style>\n<div  id=\"avia-timeline-1\"  class='avia-timeline-container av-2g2vvi-0f561a7f268f3512cc73da80fe010c0d av-slideshow-ui  avia-builder-el-12  avia-builder-el-no-sibling ' ><ul class='avia-timeline avia-timeline-vertical av-milestone-placement-left avia-timeline- avia_animate_when_almost_visible avia-timeline-animate'>\n<li  class='av-milestone av-yf2e-8e43b38533b17d32f8d153e4113245dc av-animated-generic fade-in av-milestone-valign-baseline av-milestone-odd'><h2 class='av-milestone-date ' id='milestone-2023'><strong>2023<span class='av-milestone-indicator'><\/span><\/strong><\/h2><div class=\"av-milestone-icon-wrap\"><span class='av-milestone-icon milestone_icon avia-font-entypo-fontello'><span class='av-milestone-icon-inner milestone_inner'><i class='milestone-char' aria-hidden='true' data-av_icon='\ue8a8' data-av_iconfont='entypo-fontello'><\/i><\/span><\/span><\/div><article class='av-milestone-content-wrap'><div class='av-milestone-contentbox'><div class='av-milestone-content'><ul>\n<li>L\u2019\u00c9chapp\u00e9e de l\u2019Isle-aux-Coudres was nominated for a Les Vivats award for environmentally responsible events<\/li>\n<\/ul>\n<\/div><\/div><footer class='av-milestone-article-footer entry-footer'><\/footer><\/article><\/li>\n<li  class='av-milestone av-f1mbq-4455e04c9e279cef3edb3a3a1fa65298 av-animated-generic fade-in av-milestone-valign-baseline av-milestone-even'><h2 class='av-milestone-date ' id='milestone-2022'><strong>2022<span class='av-milestone-indicator'><\/span><\/strong><\/h2><div class=\"av-milestone-icon-wrap\"><span class='av-milestone-icon milestone_icon avia-font-entypo-fontello'><span class='av-milestone-icon-inner milestone_inner'><i class='milestone-char' aria-hidden='true' data-av_icon='\ue8a8' data-av_iconfont='entypo-fontello'><\/i><\/span><\/span><\/div><article class='av-milestone-content-wrap'><div class='av-milestone-contentbox'><div class='av-milestone-content'><ul>\n<li>Winner of the Ambassadeur award at the Charlevoix Reconna\u00eet gala for promoting Charlevoix outside the region<\/li>\n<\/ul>\n<\/div><\/div><footer class='av-milestone-article-footer entry-footer'><\/footer><\/article><\/li>\n<li  class='av-milestone av-ndh2u-1542d045bc2e258969b1a25faaedcbc2 av-animated-generic fade-in av-milestone-valign-baseline av-milestone-odd'><h2 class='av-milestone-date ' id='milestone-2021'><strong>2021<span class='av-milestone-indicator'><\/span><\/strong><\/h2><div class=\"av-milestone-icon-wrap\"><span class='av-milestone-icon milestone_icon avia-font-entypo-fontello'><span class='av-milestone-icon-inner milestone_inner'><i class='milestone-char' aria-hidden='true' data-av_icon='\ue8a8' data-av_iconfont='entypo-fontello'><\/i><\/span><\/span><\/div><article class='av-milestone-content-wrap'><div class='av-milestone-contentbox'><div class='av-milestone-content'><ul>\n<li>Winner of the Attractif award at the Charlevoix Reconna\u00eet gala for its measurable benefits, shrewd and varied partnerships and for attracting new clienteles<\/li>\n<\/ul>\n<\/div><\/div><footer class='av-milestone-article-footer entry-footer'><\/footer><\/article><\/li>\n<li  class='av-milestone av-sdyri-acc9ecce61f6726937bc6082e05a24e4 av-animated-generic fade-in av-milestone-valign-baseline av-milestone-even'><h2 class='av-milestone-date ' id='milestone-2020'><strong>2020<span class='av-milestone-indicator'><\/span><\/strong><\/h2><div class=\"av-milestone-icon-wrap\"><span class='av-milestone-icon milestone_icon avia-font-entypo-fontello'><span class='av-milestone-icon-inner milestone_inner'><i class='milestone-char' aria-hidden='true' data-av_icon='\ue8a8' data-av_iconfont='entypo-fontello'><\/i><\/span><\/span><\/div><article class='av-milestone-content-wrap'><div class='av-milestone-contentbox'><div class='av-milestone-content'><ul>\n<li>Winner of the Les Vivats environmental award for waste prevention and reduction at source<\/li>\n<\/ul>\n<\/div><\/div><footer class='av-milestone-article-footer entry-footer'><\/footer><\/article><\/li>\n<li  class='av-milestone av-sdyri-3-79b3cd0e2af47cbe2ee34b87d8a79f94 av-animated-generic fade-in av-milestone-valign-baseline av-milestone-odd'><h2 class='av-milestone-date ' id='milestone-2019'><strong>2019<span class='av-milestone-indicator'><\/span><\/strong><\/h2><div class=\"av-milestone-icon-wrap\"><span class='av-milestone-icon milestone_icon avia-font-entypo-fontello'><span class='av-milestone-icon-inner milestone_inner'><i class='milestone-char' aria-hidden='true' data-av_icon='\ue8a8' data-av_iconfont='entypo-fontello'><\/i><\/span><\/span><\/div><article class='av-milestone-content-wrap'><div class='av-milestone-contentbox'><div class='av-milestone-content'><ul>\n<li>Winner of the best cross-country\/trail-running race organization award presented by the F\u00e9d\u00e9ration qu\u00e9b\u00e9coise d\u2019athl\u00e9tisme<\/li>\n<\/ul>\n<\/div><\/div><footer class='av-milestone-article-footer entry-footer'><\/footer><\/article><\/li>\n<li  class='av-milestone av-sdyri-2-fbb4a777c8aae150d55c1190189223ad av-animated-generic fade-in av-milestone-valign-baseline av-milestone-even'><h2 class='av-milestone-date ' id='milestone-2018'><strong>2018<span class='av-milestone-indicator'><\/span><\/strong><\/h2><div class=\"av-milestone-icon-wrap\"><span class='av-milestone-icon milestone_icon avia-font-entypo-fontello'><span class='av-milestone-icon-inner milestone_inner'><i class='milestone-char' aria-hidden='true' data-av_icon='\ue8a8' data-av_iconfont='entypo-fontello'><\/i><\/span><\/span><\/div><article class='av-milestone-content-wrap'><div class='av-milestone-contentbox'><div class='av-milestone-content'><ul>\n<li>Winner of the \u00c9co-Responsable award at the Charlevoix Reconna\u00eet gala for our ambition to become a leader in organizing environmentally friendly races<\/li>\n<li>Winner of the Ambassadeur award at the Charlevoix Reconna\u00eet gala for our efforts to promote the Charlevoix region nationally and internationally<\/li>\n<li>Winner of the Dollard-Morin award for volunteering in recreation and sports for our contribution to developing good volunteer management practices<\/li>\n<li>Mention in the Les Grands Vivats awards presented by Loto-Qu\u00e9bec for environmentally responsible events, Les Vivats competition<\/li>\n<\/ul>\n<\/div><\/div><footer class='av-milestone-article-footer entry-footer'><\/footer><\/article><\/li>\n<li  class='av-milestone av-sdyri-1-556ae37bf8b32f8612b70dc02260a4cb av-animated-generic fade-in av-milestone-valign-baseline av-milestone-odd'><h2 class='av-milestone-date ' id='milestone-2017'><strong>2017<span class='av-milestone-indicator'><\/span><\/strong><\/h2><div class=\"av-milestone-icon-wrap\"><span class='av-milestone-icon milestone_icon avia-font-entypo-fontello'><span class='av-milestone-icon-inner milestone_inner'><i class='milestone-char' aria-hidden='true' data-av_icon='\ue8a8' data-av_iconfont='entypo-fontello'><\/i><\/span><\/span><\/div><article class='av-milestone-content-wrap'><div class='av-milestone-contentbox'><div class='av-milestone-content'><ul>\n<li>Nomination for the best international ultra-trail race by Territorio Trail magazine, also in 2013, 2013 and 2015<\/li>\n<li>Named best trail event of the year by Get Out There magazine<\/li>\n<\/ul>\n<\/div><\/div><footer class='av-milestone-article-footer entry-footer'><\/footer><\/article><\/li>\n<\/ul><\/div><\/div><\/div><!--close column table wrapper. Autoclose: 1 -->\n<\/div><\/div><\/div><!-- close content main div --><\/div><div class='av-extra-border-element border-extra-diagonal  '><div class='av-extra-border-outer'><div class='av-extra-border-inner'><\/div><\/div><\/div><\/div><div id='after_section_3'  class='main_color av_default_container_wrap container_wrap sidebar_right'  ><div class='container av-section-cont-open' ><div class='template-page content  av-content-small alpha units'><div class='post-entry post-entry-type-page post-entry-1227'><div class='entry-content-wrapper clearfix'><\/p>\n","protected":false},"excerpt":{"rendered":"","protected":false},"author":1,"featured_media":0,"parent":0,"menu_order":0,"comment_status":"closed","ping_status":"closed","template":"","meta":{"footnotes":""},"yoast_head":"<!-- This site is optimized with the Yoast SEO plugin v21.5 - https:\/\/yoast.com\/wordpress\/plugins\/seo\/ -->\n<title>Awards &amp; Recognition | Harricana Events<\/title>\n<meta name=\"description\" content=\"Explore the awards and distinctions we&#039;ve received for our running events, community commitment, and efforts in Quebec.\" \/>\n<meta name=\"robots\" content=\"index, follow, max-snippet:-1, max-image-preview:large, max-video-preview:-1\" \/>\n<link rel=\"canonical\" href=\"https:\/\/trailrunningquebec.com\/en\/awards\/\" \/>\n<meta property=\"og:locale\" content=\"en_US\" \/>\n<meta property=\"og:type\" content=\"article\" \/>\n<meta property=\"og:title\" content=\"Awards &amp; Recognition | Harricana Events\" \/>\n<meta property=\"og:description\" content=\"Explore the awards and distinctions we&#039;ve received for our running events, community commitment, and efforts in Quebec.\" \/>\n<meta property=\"og:url\" content=\"https:\/\/trailrunningquebec.com\/en\/awards\/\" \/>\n<meta property=\"og:site_name\" content=\"\u00c9v\u00e9nements Harricana\" \/>\n<meta property=\"article:modified_time\" content=\"2025-08-22T18:44:34+00:00\" \/>\n<meta property=\"og:image\" content=\"https:\/\/trailrunningquebec.com\/wp-content\/uploads\/2023\/10\/UTHC-1.jpg\" \/>\n\t<meta property=\"og:image:width\" content=\"1500\" \/>\n\t<meta property=\"og:image:height\" content=\"750\" \/>\n\t<meta property=\"og:image:type\" content=\"image\/jpeg\" \/>\n<script type=\"application\/ld+json\" class=\"yoast-schema-graph\">{\"@context\":\"https:\/\/schema.org\",\"@graph\":[{\"@type\":\"WebPage\",\"@id\":\"https:\/\/trailrunningquebec.com\/en\/awards\/\",\"url\":\"https:\/\/trailrunningquebec.com\/en\/awards\/\",\"name\":\"Awards & Recognition | Harricana Events\",\"isPartOf\":{\"@id\":\"https:\/\/trailrunningquebec.com\/#website\"},\"datePublished\":\"2025-08-18T01:56:38+00:00\",\"dateModified\":\"2025-08-22T18:44:34+00:00\",\"description\":\"Explore the awards and distinctions we've received for our running events, community commitment, and efforts in Quebec.\",\"breadcrumb\":{\"@id\":\"https:\/\/trailrunningquebec.com\/en\/awards\/#breadcrumb\"},\"inLanguage\":\"en-US\",\"potentialAction\":[{\"@type\":\"ReadAction\",\"target\":[\"https:\/\/trailrunningquebec.com\/en\/awards\/\"]}]},{\"@type\":\"BreadcrumbList\",\"@id\":\"https:\/\/trailrunningquebec.com\/en\/awards\/#breadcrumb\",\"itemListElement\":[{\"@type\":\"ListItem\",\"position\":1,\"name\":\"Accueil\",\"item\":\"https:\/\/trailrunningquebec.com\/en\/\"},{\"@type\":\"ListItem\",\"position\":2,\"name\":\"Awards\"}]},{\"@type\":\"WebSite\",\"@id\":\"https:\/\/trailrunningquebec.com\/#website\",\"url\":\"https:\/\/trailrunningquebec.com\/\",\"name\":\"\u00c9v\u00e9nements Harricana\",\"description\":\"\",\"publisher\":{\"@id\":\"https:\/\/trailrunningquebec.com\/#organization\"},\"potentialAction\":[{\"@type\":\"SearchAction\",\"target\":{\"@type\":\"EntryPoint\",\"urlTemplate\":\"https:\/\/trailrunningquebec.com\/?s={search_term_string}\"},\"query-input\":\"required name=search_term_string\"}],\"inLanguage\":\"en-US\"},{\"@type\":\"Organization\",\"@id\":\"https:\/\/trailrunningquebec.com\/#organization\",\"name\":\"\u00c9v\u00e9nements Harricana\",\"url\":\"https:\/\/trailrunningquebec.com\/\",\"logo\":{\"@type\":\"ImageObject\",\"inLanguage\":\"en-US\",\"@id\":\"https:\/\/trailrunningquebec.com\/#\/schema\/logo\/image\/\",\"url\":\"https:\/\/trailrunningquebec.com\/wp-content\/uploads\/2023\/11\/Logos_EH.png\",\"contentUrl\":\"https:\/\/trailrunningquebec.com\/wp-content\/uploads\/2023\/11\/Logos_EH.png\",\"width\":851,\"height\":386,\"caption\":\"\u00c9v\u00e9nements Harricana\"},\"image\":{\"@id\":\"https:\/\/trailrunningquebec.com\/#\/schema\/logo\/image\/\"}}]}<\/script>\n<!-- \/ Yoast SEO plugin. -->","yoast_head_json":{"title":"Awards & Recognition | Harricana Events","description":"Explore the awards and distinctions we've received for our running events, community commitment, and efforts in Quebec.","robots":{"index":"index","follow":"follow","max-snippet":"max-snippet:-1","max-image-preview":"max-image-preview:large","max-video-preview":"max-video-preview:-1"},"canonical":"https:\/\/trailrunningquebec.com\/en\/awards\/","og_locale":"en_US","og_type":"article","og_title":"Awards & Recognition | Harricana Events","og_description":"Explore the awards and distinctions we've received for our running events, community commitment, and efforts in Quebec.","og_url":"https:\/\/trailrunningquebec.com\/en\/awards\/","og_site_name":"\u00c9v\u00e9nements Harricana","article_modified_time":"2025-08-22T18:44:34+00:00","og_image":[{"width":1500,"height":750,"url":"https:\/\/trailrunningquebec.com\/wp-content\/uploads\/2023\/10\/UTHC-1.jpg","type":"image\/jpeg"}],"schema":{"@context":"https:\/\/schema.org","@graph":[{"@type":"WebPage","@id":"https:\/\/trailrunningquebec.com\/en\/awards\/","url":"https:\/\/trailrunningquebec.com\/en\/awards\/","name":"Awards & Recognition | Harricana Events","isPartOf":{"@id":"https:\/\/trailrunningquebec.com\/#website"},"datePublished":"2025-08-18T01:56:38+00:00","dateModified":"2025-08-22T18:44:34+00:00","description":"Explore the awards and distinctions we've received for our running events, community commitment, and efforts in Quebec.","breadcrumb":{"@id":"https:\/\/trailrunningquebec.com\/en\/awards\/#breadcrumb"},"inLanguage":"en-US","potentialAction":[{"@type":"ReadAction","target":["https:\/\/trailrunningquebec.com\/en\/awards\/"]}]},{"@type":"BreadcrumbList","@id":"https:\/\/trailrunningquebec.com\/en\/awards\/#breadcrumb","itemListElement":[{"@type":"ListItem","position":1,"name":"Accueil","item":"https:\/\/trailrunningquebec.com\/en\/"},{"@type":"ListItem","position":2,"name":"Awards"}]},{"@type":"WebSite","@id":"https:\/\/trailrunningquebec.com\/#website","url":"https:\/\/trailrunningquebec.com\/","name":"\u00c9v\u00e9nements Harricana","description":"","publisher":{"@id":"https:\/\/trailrunningquebec.com\/#organization"},"potentialAction":[{"@type":"SearchAction","target":{"@type":"EntryPoint","urlTemplate":"https:\/\/trailrunningquebec.com\/?s={search_term_string}"},"query-input":"required name=search_term_string"}],"inLanguage":"en-US"},{"@type":"Organization","@id":"https:\/\/trailrunningquebec.com\/#organization","name":"\u00c9v\u00e9nements Harricana","url":"https:\/\/trailrunningquebec.com\/","logo":{"@type":"ImageObject","inLanguage":"en-US","@id":"https:\/\/trailrunningquebec.com\/#\/schema\/logo\/image\/","url":"https:\/\/trailrunningquebec.com\/wp-content\/uploads\/2023\/11\/Logos_EH.png","contentUrl":"https:\/\/trailrunningquebec.com\/wp-content\/uploads\/2023\/11\/Logos_EH.png","width":851,"height":386,"caption":"\u00c9v\u00e9nements Harricana"},"image":{"@id":"https:\/\/trailrunningquebec.com\/#\/schema\/logo\/image\/"}}]}},"_links":{"self":[{"href":"https:\/\/trailrunningquebec.com\/en\/wp-json\/wp\/v2\/pages\/1227"}],"collection":[{"href":"https:\/\/trailrunningquebec.com\/en\/wp-json\/wp\/v2\/pages"}],"about":[{"href":"https:\/\/trailrunningquebec.com\/en\/wp-json\/wp\/v2\/types\/page"}],"author":[{"embeddable":true,"href":"https:\/\/trailrunningquebec.com\/en\/wp-json\/wp\/v2\/users\/1"}],"replies":[{"embeddable":true,"href":"https:\/\/trailrunningquebec.com\/en\/wp-json\/wp\/v2\/comments?post=1227"}],"version-history":[{"count":7,"href":"https:\/\/trailrunningquebec.com\/en\/wp-json\/wp\/v2\/pages\/1227\/revisions"}],"predecessor-version":[{"id":3228,"href":"https:\/\/trailrunningquebec.com\/en\/wp-json\/wp\/v2\/pages\/1227\/revisions\/3228"}],"wp:attachment":[{"href":"https:\/\/trailrunningquebec.com\/en\/wp-json\/wp\/v2\/media?parent=1227"}],"curies":[{"name":"wp","href":"https:\/\/api.w.org\/{rel}","templated":true}]}}